{"id":118,"date":"2019-06-06T09:37:00","date_gmt":"2019-06-06T07:37:00","guid":{"rendered":"http:\/\/www.kolk-armaturen.de\/?page_id=118"},"modified":"2019-06-19T10:07:58","modified_gmt":"2019-06-19T08:07:58","slug":"absperrschieber","status":"publish","type":"page","link":"https:\/\/www.kolk-armaturen.de\/?page_id=118","title":{"rendered":"Absperrschieber"},"content":{"rendered":"\n<p>Kolk bietet eine komplette Palette Absperrschieber f\u00fcr (Trink-) Wasser und Gas Transportsysteme. Die Absperrschieber erf\u00fcllen alle aktuellen (N)EN, ISO, DIN und Kiwa Normen. Standartm\u00e4\u00dfig mit Epoxybeschichtung (GSK certificiert). <\/p>\n\n\n\n<div class=\"wp-block-columns has-3-columns is-layout-flex wp-container-core-columns-is-layout-9d6595d7 wp-block-columns-is-layout-flex\">\n<div class=\"wp-block-column is-layout-flow wp-block-column-is-layout-flow\">\n<div class=\"wp-block-image\"><figure class=\"aligncenter is-resized\"><a href=\"https:\/\/www.kolk-armaturen.de\/?page_id=196\"><img loading=\"lazy\" decoding=\"async\" src=\"http:\/\/www.kolk-armaturen.de\/wp-content\/uploads\/2019\/06\/Absperrschieber-PN1016-Baula\u0308nge-F5.png\" alt=\"\" class=\"wp-image-169\" width=\"165\" height=\"165\" srcset=\"https:\/\/www.kolk-armaturen.de\/wp-content\/uploads\/2019\/06\/Absperrschieber-PN1016-Baula\u0308nge-F5.png 330w, https:\/\/www.kolk-armaturen.de\/wp-content\/uploads\/2019\/06\/Absperrschieber-PN1016-Baula\u0308nge-F5-150x150.png 150w, https:\/\/www.kolk-armaturen.de\/wp-content\/uploads\/2019\/06\/Absperrschieber-PN1016-Baula\u0308nge-F5-300x300.png 300w, https:\/\/www.kolk-armaturen.de\/wp-content\/uploads\/2019\/06\/Absperrschieber-PN1016-Baula\u0308nge-F5-53x53.png 53w\" sizes=\"auto, (max-width: 165px) 100vw, 165px\" \/><\/a><figcaption><a href=\"https:\/\/www.kolk-armaturen.de\/?page_id=196\">Absperrschieber mit Flansch<\/a><\/figcaption><\/figure><\/div>\n\n\n\n<div class=\"wp-block-image\"><figure class=\"aligncenter is-resized\"><a href=\"https:\/\/www.kolk-armaturen.de\/?page_id=240\"><img loading=\"lazy\" decoding=\"async\" src=\"http:\/\/www.kolk-armaturen.de\/wp-content\/uploads\/2019\/06\/Absperrschieber-PN1016-Baula\u0308nge-F4-fu\u0308r-Gas-1.png\" alt=\"\" class=\"wp-image-183\" width=\"165\" height=\"165\" srcset=\"https:\/\/www.kolk-armaturen.de\/wp-content\/uploads\/2019\/06\/Absperrschieber-PN1016-Baula\u0308nge-F4-fu\u0308r-Gas-1.png 330w, https:\/\/www.kolk-armaturen.de\/wp-content\/uploads\/2019\/06\/Absperrschieber-PN1016-Baula\u0308nge-F4-fu\u0308r-Gas-1-150x150.png 150w, https:\/\/www.kolk-armaturen.de\/wp-content\/uploads\/2019\/06\/Absperrschieber-PN1016-Baula\u0308nge-F4-fu\u0308r-Gas-1-300x300.png 300w, https:\/\/www.kolk-armaturen.de\/wp-content\/uploads\/2019\/06\/Absperrschieber-PN1016-Baula\u0308nge-F4-fu\u0308r-Gas-1-53x53.png 53w\" sizes=\"auto, (max-width: 165px) 100vw, 165px\" \/><\/a><figcaption><a href=\"https:\/\/www.kolk-armaturen.de\/?page_id=240\">Absperrschieber f\u00fcr Gas<\/a><\/figcaption><\/figure><\/div>\n<\/div>\n\n\n\n<div class=\"wp-block-column is-layout-flow wp-block-column-is-layout-flow\">\n<div class=\"wp-block-image\"><figure class=\"aligncenter is-resized\"><a href=\"https:\/\/www.kolk-armaturen.de\/?page_id=200\"><img loading=\"lazy\" decoding=\"async\" src=\"http:\/\/www.kolk-armaturen.de\/wp-content\/uploads\/2019\/06\/Absperrschieber-mit-Steckmuffen-PN1016.png\" alt=\"\" class=\"wp-image-176\" width=\"165\" height=\"165\" srcset=\"https:\/\/www.kolk-armaturen.de\/wp-content\/uploads\/2019\/06\/Absperrschieber-mit-Steckmuffen-PN1016.png 330w, https:\/\/www.kolk-armaturen.de\/wp-content\/uploads\/2019\/06\/Absperrschieber-mit-Steckmuffen-PN1016-150x150.png 150w, https:\/\/www.kolk-armaturen.de\/wp-content\/uploads\/2019\/06\/Absperrschieber-mit-Steckmuffen-PN1016-300x300.png 300w, https:\/\/www.kolk-armaturen.de\/wp-content\/uploads\/2019\/06\/Absperrschieber-mit-Steckmuffen-PN1016-53x53.png 53w\" sizes=\"auto, (max-width: 165px) 100vw, 165px\" \/><\/a><figcaption><a href=\"https:\/\/www.kolk-armaturen.de\/?page_id=200\">Absperrschieber mit Steckmuffen<\/a><\/figcaption><\/figure><\/div>\n\n\n\n<div class=\"wp-block-image\"><figure class=\"aligncenter is-resized\"><a href=\"https:\/\/www.kolk-armaturen.de\/?page_id=241\"><img loading=\"lazy\" decoding=\"async\" src=\"http:\/\/www.kolk-armaturen.de\/wp-content\/uploads\/2019\/06\/Absperrschieber-PN1016-Baula\u0308nge-F5.png\" alt=\"\" class=\"wp-image-169\" width=\"165\" height=\"165\" srcset=\"https:\/\/www.kolk-armaturen.de\/wp-content\/uploads\/2019\/06\/Absperrschieber-PN1016-Baula\u0308nge-F5.png 330w, https:\/\/www.kolk-armaturen.de\/wp-content\/uploads\/2019\/06\/Absperrschieber-PN1016-Baula\u0308nge-F5-150x150.png 150w, https:\/\/www.kolk-armaturen.de\/wp-content\/uploads\/2019\/06\/Absperrschieber-PN1016-Baula\u0308nge-F5-300x300.png 300w, https:\/\/www.kolk-armaturen.de\/wp-content\/uploads\/2019\/06\/Absperrschieber-PN1016-Baula\u0308nge-F5-53x53.png 53w\" sizes=\"auto, (max-width: 165px) 100vw, 165px\" \/><\/a><figcaption><a href=\"https:\/\/www.kolk-armaturen.de\/?page_id=241\">Absperrschieber f\u00fcr Abwasser<\/a><\/figcaption><\/figure><\/div>\n<\/div>\n\n\n\n<div class=\"wp-block-column is-layout-flow wp-block-column-is-layout-flow\">\n<div class=\"wp-block-image\"><figure class=\"aligncenter is-resized\"><a href=\"https:\/\/www.kolk-armaturen.de\/?page_id=238\"><img loading=\"lazy\" decoding=\"async\" src=\"http:\/\/www.kolk-armaturen.de\/wp-content\/uploads\/2019\/06\/Absperrschieber-mit-Flansch-und-Steckmuffe-PN1016.png\" alt=\"\" class=\"wp-image-179\" width=\"165\" height=\"165\" srcset=\"https:\/\/www.kolk-armaturen.de\/wp-content\/uploads\/2019\/06\/Absperrschieber-mit-Flansch-und-Steckmuffe-PN1016.png 330w, https:\/\/www.kolk-armaturen.de\/wp-content\/uploads\/2019\/06\/Absperrschieber-mit-Flansch-und-Steckmuffe-PN1016-150x150.png 150w, https:\/\/www.kolk-armaturen.de\/wp-content\/uploads\/2019\/06\/Absperrschieber-mit-Flansch-und-Steckmuffe-PN1016-300x300.png 300w, https:\/\/www.kolk-armaturen.de\/wp-content\/uploads\/2019\/06\/Absperrschieber-mit-Flansch-und-Steckmuffe-PN1016-53x53.png 53w\" sizes=\"auto, (max-width: 165px) 100vw, 165px\" \/><\/a><figcaption><a href=\"https:\/\/www.kolk-armaturen.de\/?page_id=238\">Absperrschieber mit Flansch und Steckmuffe<\/a><\/figcaption><\/figure><\/div>\n\n\n\n<div class=\"wp-block-image\"><figure class=\"aligncenter is-resized\"><a href=\"https:\/\/www.kolk-armaturen.de\/?page_id=242\"><img loading=\"lazy\" decoding=\"async\" src=\"http:\/\/www.kolk-armaturen.de\/wp-content\/uploads\/2019\/06\/Schiebeschl\u00fcssel.png\" alt=\"\" class=\"wp-image-351\" width=\"165\" height=\"165\" srcset=\"https:\/\/www.kolk-armaturen.de\/wp-content\/uploads\/2019\/06\/Schiebeschl\u00fcssel.png 275w, https:\/\/www.kolk-armaturen.de\/wp-content\/uploads\/2019\/06\/Schiebeschl\u00fcssel-150x150.png 150w, https:\/\/www.kolk-armaturen.de\/wp-content\/uploads\/2019\/06\/Schiebeschl\u00fcssel-53x53.png 53w\" sizes=\"auto, (max-width: 165px) 100vw, 165px\" \/><\/a><figcaption><a href=\"https:\/\/www.kolk-armaturen.de\/?page_id=242\">Zubeh\u00f6r Absperrschieber<\/a><\/figcaption><\/figure><\/div>\n<\/div>\n<\/div>\n","protected":false},"excerpt":{"rendered":"<p>Kolk bietet eine komplette Palette Absperrschieber f\u00fcr (Trink-) Wasser und Gas Transportsysteme. Die Absperrschieber erf\u00fcllen alle aktuellen (N)EN, ISO, DIN und Kiwa Normen. Standartm\u00e4\u00dfig mit Epoxybeschichtung (GSK certificiert).<\/p>\n","protected":false},"author":1,"featured_media":0,"parent":0,"menu_order":0,"comment_status":"closed","ping_status":"closed","template":"","meta":{"_monsterinsights_skip_tracking":false,"_monsterinsights_sitenote_active":false,"_monsterinsights_sitenote_note":"","_monsterinsights_sitenote_category":0,"footnotes":""},"class_list":["post-118","page","type-page","status-publish","hentry"],"aioseo_notices":[],"_links":{"self":[{"href":"https:\/\/www.kolk-armaturen.de\/index.php?rest_route=\/wp\/v2\/pages\/118","targetHints":{"allow":["GET"]}}],"collection":[{"href":"https:\/\/www.kolk-armaturen.de\/index.php?rest_route=\/wp\/v2\/pages"}],"about":[{"href":"https:\/\/www.kolk-armaturen.de\/index.php?rest_route=\/wp\/v2\/types\/page"}],"author":[{"embeddable":true,"href":"https:\/\/www.kolk-armaturen.de\/index.php?rest_route=\/wp\/v2\/users\/1"}],"replies":[{"embeddable":true,"href":"https:\/\/www.kolk-armaturen.de\/index.php?rest_route=%2Fwp%2Fv2%2Fcomments&post=118"}],"version-history":[{"count":19,"href":"https:\/\/www.kolk-armaturen.de\/index.php?rest_route=\/wp\/v2\/pages\/118\/revisions"}],"predecessor-version":[{"id":555,"href":"https:\/\/www.kolk-armaturen.de\/index.php?rest_route=\/wp\/v2\/pages\/118\/revisions\/555"}],"wp:attachment":[{"href":"https:\/\/www.kolk-armaturen.de\/index.php?rest_route=%2Fwp%2Fv2%2Fmedia&parent=118"}],"curies":[{"name":"wp","href":"https:\/\/api.w.org\/{rel}","templated":true}]}}