{"id":13,"date":"2019-06-05T06:36:31","date_gmt":"2019-06-05T06:36:31","guid":{"rendered":"http:\/\/kolk-armaturen.de\/?page_id=13"},"modified":"2024-06-26T08:29:03","modified_gmt":"2024-06-26T06:29:03","slug":"projekte","status":"publish","type":"page","link":"https:\/\/www.kolk-armaturen.de\/?page_id=13","title":{"rendered":"Projekte"},"content":{"rendered":"\n<h2 class=\"wp-block-heading\">Projekte<\/h2>\n\n\n\n<p><strong>Bei Projekten ist Kolk ein Lieferant f\u00fcr die gesamte Materialversorgung, bestehend aus Kolk-Produkten, die durch Lieferungen von Dritten erg\u00e4nzt werden, um eine vollst\u00e4ndige Projektl\u00f6sung anzubieten.<\/strong><\/p>\n\n\n\n<div style=\"height:100px\" aria-hidden=\"true\" class=\"wp-block-spacer\"><\/div>\n\n\n\n<figure class=\"wp-block-image\"><img loading=\"lazy\" decoding=\"async\" width=\"1024\" height=\"328\" src=\"http:\/\/www.kolk-armaturen.de\/wp-content\/uploads\/2019\/06\/Projekt-1-1024x328.jpg\" alt=\"\" class=\"wp-image-104\" srcset=\"https:\/\/www.kolk-armaturen.de\/wp-content\/uploads\/2019\/06\/Projekt-1.jpg 1024w, https:\/\/www.kolk-armaturen.de\/wp-content\/uploads\/2019\/06\/Projekt-1-300x96.jpg 300w, https:\/\/www.kolk-armaturen.de\/wp-content\/uploads\/2019\/06\/Projekt-1-768x246.jpg 768w\" sizes=\"auto, (max-width: 1024px) 100vw, 1024px\" \/><\/figure>\n\n\n\n<h2 class=\"wp-block-heading\">Die Montage einer 45-Grad-Abzweigung in einer vorhandenen Rohrleitung. <\/h2>\n\n\n\n<p>Dieses Projekt ist ein Beispiel f\u00fcr eine von Kolk vorgesehene L\u00f6sung.<br><\/p>\n\n\n\n<hr class=\"wp-block-separator has-css-opacity\"\/>\n\n\n\n<figure class=\"wp-block-image\"><img loading=\"lazy\" decoding=\"async\" width=\"1024\" height=\"246\" src=\"http:\/\/www.kolk-armaturen.de\/wp-content\/uploads\/2019\/06\/Projekt-2-1024x246.jpg\" alt=\"\" class=\"wp-image-106\" srcset=\"https:\/\/www.kolk-armaturen.de\/wp-content\/uploads\/2019\/06\/Projekt-2-1024x246.jpg 1024w, https:\/\/www.kolk-armaturen.de\/wp-content\/uploads\/2019\/06\/Projekt-2-300x72.jpg 300w, https:\/\/www.kolk-armaturen.de\/wp-content\/uploads\/2019\/06\/Projekt-2-768x184.jpg 768w, https:\/\/www.kolk-armaturen.de\/wp-content\/uploads\/2019\/06\/Projekt-2.jpg 1250w\" sizes=\"auto, (max-width: 1024px) 100vw, 1024px\" \/><\/figure>\n\n\n\n<h2 class=\"wp-block-heading\">Neue Transportrohrleitung in Belgien in Partnerschaft mit Saint Gobain Rohrsysteme. <\/h2>\n\n\n\n<p>Dieses Projekt ist ein Beispiel f\u00fcr eine Zusammenarbeit, bei der die Spezialprodukte von Kolk einen wesentlichen Beitrag zu den Projekten von Saint Gobain. <\/p>\n\n\n\n<hr class=\"wp-block-separator has-css-opacity\"\/>\n\n\n\n<figure class=\"wp-block-image\"><img loading=\"lazy\" decoding=\"async\" width=\"1024\" height=\"328\" src=\"http:\/\/www.kolk-armaturen.de\/wp-content\/uploads\/2019\/06\/Projekt-3-1024x328.jpg\" alt=\"\" class=\"wp-image-107\" srcset=\"https:\/\/www.kolk-armaturen.de\/wp-content\/uploads\/2019\/06\/Projekt-3-1024x328.jpg 1024w, https:\/\/www.kolk-armaturen.de\/wp-content\/uploads\/2019\/06\/Projekt-3-300x96.jpg 300w, https:\/\/www.kolk-armaturen.de\/wp-content\/uploads\/2019\/06\/Projekt-3-768x246.jpg 768w, https:\/\/www.kolk-armaturen.de\/wp-content\/uploads\/2019\/06\/Projekt-3.jpg 1300w\" sizes=\"auto, (max-width: 1024px) 100vw, 1024px\" \/><\/figure>\n\n\n\n<h2 class=\"wp-block-heading\">Die Verbindung von zwei Rohren DN1500 <\/h2>\n\n\n\n<p>Dieses Projekt ist ein Beispiel f\u00fcr eine von Kolk vorgesehene Gesamtprojektl\u00f6sung.<\/p>\n\n\n\n<p><strong>________________________________________________________________________________________________________________<\/strong><\/p>\n\n\n\n<figure class=\"wp-block-image size-large\"><img loading=\"lazy\" decoding=\"async\" width=\"1024\" height=\"768\" src=\"https:\/\/www.kolk-armaturen.de\/wp-content\/uploads\/2024\/06\/20201112_130427-Forstenlechner-1024x768.jpg\" alt=\"\" class=\"wp-image-682\" srcset=\"https:\/\/www.kolk-armaturen.de\/wp-content\/uploads\/2024\/06\/20201112_130427-Forstenlechner-1024x768.jpg 1024w, https:\/\/www.kolk-armaturen.de\/wp-content\/uploads\/2024\/06\/20201112_130427-Forstenlechner-300x225.jpg 300w, https:\/\/www.kolk-armaturen.de\/wp-content\/uploads\/2024\/06\/20201112_130427-Forstenlechner-768x576.jpg 768w, https:\/\/www.kolk-armaturen.de\/wp-content\/uploads\/2024\/06\/20201112_130427-Forstenlechner-1536x1152.jpg 1536w, https:\/\/www.kolk-armaturen.de\/wp-content\/uploads\/2024\/06\/20201112_130427-Forstenlechner-2048x1536.jpg 2048w\" sizes=\"auto, (max-width: 1024px) 100vw, 1024px\" \/><\/figure>\n\n\n\n<h2 class=\"wp-block-heading\">Einbau Kugelr\u00fcckschlagventile und Plattenschieber DN 400 beim Hochwasserschutz in \u00d6sterreich<\/h2>\n\n\n\n<p>Dieses Projekt ist ein Beispiel f\u00fcr eine wichtige Gesamtprojektl\u00f6sung unterst\u00fctzt durch Kolk.<\/p>\n\n\n\n<p><strong>______________________________________________________________________________________________________<\/strong><\/p>\n\n\n\n<figure class=\"wp-block-image size-large\"><img loading=\"lazy\" decoding=\"async\" width=\"1024\" height=\"768\" src=\"https:\/\/www.kolk-armaturen.de\/wp-content\/uploads\/2024\/06\/IMG_7952-Mainz-1024x768.jpg\" alt=\"\" class=\"wp-image-687\" srcset=\"https:\/\/www.kolk-armaturen.de\/wp-content\/uploads\/2024\/06\/IMG_7952-Mainz-1024x768.jpg 1024w, https:\/\/www.kolk-armaturen.de\/wp-content\/uploads\/2024\/06\/IMG_7952-Mainz-300x225.jpg 300w, https:\/\/www.kolk-armaturen.de\/wp-content\/uploads\/2024\/06\/IMG_7952-Mainz-768x576.jpg 768w, https:\/\/www.kolk-armaturen.de\/wp-content\/uploads\/2024\/06\/IMG_7952-Mainz-1536x1152.jpg 1536w, https:\/\/www.kolk-armaturen.de\/wp-content\/uploads\/2024\/06\/IMG_7952-Mainz-2048x1536.jpg 2048w\" sizes=\"auto, (max-width: 1024px) 100vw, 1024px\" \/><\/figure>\n\n\n\n<h2 class=\"wp-block-heading\">Montage einer Absperrklappe DN 700 mit ISO-Topflansch und Auma-Getriebe in einer vorhandenen Reinwasserrohrleitung im Wasserwerk<\/h2>\n\n\n\n<p>Dieses Projekt ist ein Beispiel f\u00fcr Kolk als L\u00f6sungsanbieter f\u00fcr Armaturenlieferungen.<\/p>\n","protected":false},"excerpt":{"rendered":"<p>Projekte Bei Projekten ist Kolk ein Lieferant f\u00fcr die gesamte Materialversorgung, bestehend aus Kolk-Produkten, die durch Lieferungen von Dritten erg\u00e4nzt werden, um eine vollst\u00e4ndige Projektl\u00f6sung anzubieten. Die Montage einer 45-Grad-Abzweigung in einer vorhandenen Rohrleitung. Dieses Projekt ist ein Beispiel f\u00fcr eine von Kolk vorgesehene L\u00f6sung. Neue Transportrohrleitung in Belgien in Partnerschaft mit Saint Gobain Rohrsysteme.<\/p><\/div>\n<div class=\"blog-btn\"><a href=\"https:\/\/www.kolk-armaturen.de\/?page_id=13\" class=\"home-blog-btn\">Weiterlesen<\/a><\/p>\n","protected":false},"author":1,"featured_media":0,"parent":0,"menu_order":0,"comment_status":"closed","ping_status":"closed","template":"","meta":{"_monsterinsights_skip_tracking":false,"_monsterinsights_sitenote_active":false,"_monsterinsights_sitenote_note":"","_monsterinsights_sitenote_category":0,"footnotes":""},"class_list":["post-13","page","type-page","status-publish","hentry"],"aioseo_notices":[],"_links":{"self":[{"href":"https:\/\/www.kolk-armaturen.de\/index.php?rest_route=\/wp\/v2\/pages\/13","targetHints":{"allow":["GET"]}}],"collection":[{"href":"https:\/\/www.kolk-armaturen.de\/index.php?rest_route=\/wp\/v2\/pages"}],"about":[{"href":"https:\/\/www.kolk-armaturen.de\/index.php?rest_route=\/wp\/v2\/types\/page"}],"author":[{"embeddable":true,"href":"https:\/\/www.kolk-armaturen.de\/index.php?rest_route=\/wp\/v2\/users\/1"}],"replies":[{"embeddable":true,"href":"https:\/\/www.kolk-armaturen.de\/index.php?rest_route=%2Fwp%2Fv2%2Fcomments&post=13"}],"version-history":[{"count":8,"href":"https:\/\/www.kolk-armaturen.de\/index.php?rest_route=\/wp\/v2\/pages\/13\/revisions"}],"predecessor-version":[{"id":691,"href":"https:\/\/www.kolk-armaturen.de\/index.php?rest_route=\/wp\/v2\/pages\/13\/revisions\/691"}],"wp:attachment":[{"href":"https:\/\/www.kolk-armaturen.de\/index.php?rest_route=%2Fwp%2Fv2%2Fmedia&parent=13"}],"curies":[{"name":"wp","href":"https:\/\/api.w.org\/{rel}","templated":true}]}}