{"id":17,"date":"2019-06-05T06:38:12","date_gmt":"2019-06-05T06:38:12","guid":{"rendered":"http:\/\/kolk-armaturen.de\/?page_id=17"},"modified":"2024-06-26T07:53:16","modified_gmt":"2024-06-26T05:53:16","slug":"service","status":"publish","type":"page","link":"https:\/\/www.kolk-armaturen.de\/?page_id=17","title":{"rendered":"Service"},"content":{"rendered":"\n<h2 class=\"wp-block-heading\">Service<\/h2>\n\n\n\n<p>Bei Kolk h\u00f6rt der Service nach Lieferung der gew\u00fcnschten Produkte nicht auf!<br>Kolk verf\u00fcgt \u00fcber Fachpersonal f\u00fcr die Beratung und Unterst\u00fctzung bei der Auswahl, Anwendung und Installation der Produkte, so dass Sie Ihre Projekte erfolgreich realisieren k\u00f6nnen.&nbsp;<\/p>\n\n\n\n<div style=\"height:57px\" aria-hidden=\"true\" class=\"wp-block-spacer\"><\/div>\n\n\n\n<h2 class=\"wp-block-heading\">Die Service-Dienstleistungen von Kolk umfassen:<\/h2>\n\n\n\n<ul class=\"wp-block-list\">\n<li>Angebotserstellung und L\u00f6sungsanbieter f\u00fcr den gesamten Materialbedarf<\/li>\n\n\n\n<li>Ausarbeitung von Materialanforderungen in Spezifikationen<\/li>\n\n\n\n<li>Beratung bei der Komponentenauswahl in komplexen Situationen<\/li>\n\n\n\n<li>Schnelle Lieferung kundenspezifischer L\u00f6sungen bei unvorhergesehenen Ereignissen<\/li>\n\n\n\n<li>Vormontage in unserer eigenen Fabrik<\/li>\n\n\n\n<li>Unterst\u00fctzung bei der Installation am Projektstandort,<\/li>\n<\/ul>\n\n\n\n<p><\/p>\n\n\n\n<p>Dank der langj\u00e4hrigen Erfahrung von Kolk mit Projekten f\u00fcr die Infrastruktur von Wasser- und Abwassernetzen sind wir in der Lage, qualitativ hochwertige L\u00f6sungen zu bieten.<\/p>\n\n\n\n<p>F\u00fcr Kolk sind der Verkauf und die Lieferung seiner Produkte kein Ziel an sich. Wir sind erst zufrieden, wenn die Produkte zum Erfolg der Projekte beitragen, in denen sie angewendet werden.<\/p>\n","protected":false},"excerpt":{"rendered":"<p>Service Bei Kolk h\u00f6rt der Service nach Lieferung der gew\u00fcnschten Produkte nicht auf!Kolk verf\u00fcgt \u00fcber Fachpersonal f\u00fcr die Beratung und Unterst\u00fctzung bei der Auswahl, Anwendung und Installation der Produkte, so dass Sie Ihre Projekte erfolgreich realisieren k\u00f6nnen.&nbsp; Die Service-Dienstleistungen von Kolk umfassen: Dank der langj\u00e4hrigen Erfahrung von Kolk mit Projekten f\u00fcr die Infrastruktur von Wasser-<\/p><\/div>\n<div class=\"blog-btn\"><a href=\"https:\/\/www.kolk-armaturen.de\/?page_id=17\" class=\"home-blog-btn\">Weiterlesen<\/a><\/p>\n","protected":false},"author":1,"featured_media":0,"parent":0,"menu_order":0,"comment_status":"closed","ping_status":"closed","template":"","meta":{"_monsterinsights_skip_tracking":false,"_monsterinsights_sitenote_active":false,"_monsterinsights_sitenote_note":"","_monsterinsights_sitenote_category":0,"footnotes":""},"class_list":["post-17","page","type-page","status-publish","hentry"],"aioseo_notices":[],"_links":{"self":[{"href":"https:\/\/www.kolk-armaturen.de\/index.php?rest_route=\/wp\/v2\/pages\/17","targetHints":{"allow":["GET"]}}],"collection":[{"href":"https:\/\/www.kolk-armaturen.de\/index.php?rest_route=\/wp\/v2\/pages"}],"about":[{"href":"https:\/\/www.kolk-armaturen.de\/index.php?rest_route=\/wp\/v2\/types\/page"}],"author":[{"embeddable":true,"href":"https:\/\/www.kolk-armaturen.de\/index.php?rest_route=\/wp\/v2\/users\/1"}],"replies":[{"embeddable":true,"href":"https:\/\/www.kolk-armaturen.de\/index.php?rest_route=%2Fwp%2Fv2%2Fcomments&post=17"}],"version-history":[{"count":5,"href":"https:\/\/www.kolk-armaturen.de\/index.php?rest_route=\/wp\/v2\/pages\/17\/revisions"}],"predecessor-version":[{"id":679,"href":"https:\/\/www.kolk-armaturen.de\/index.php?rest_route=\/wp\/v2\/pages\/17\/revisions\/679"}],"wp:attachment":[{"href":"https:\/\/www.kolk-armaturen.de\/index.php?rest_route=%2Fwp%2Fv2%2Fmedia&parent=17"}],"curies":[{"name":"wp","href":"https:\/\/api.w.org\/{rel}","templated":true}]}}