{"id":2,"date":"2016-05-10T03:48:21","date_gmt":"2016-05-10T01:48:21","guid":{"rendered":"http:\/\/kolk-armaturen.de\/?page_id=2"},"modified":"2024-04-23T09:29:03","modified_gmt":"2024-04-23T07:29:03","slug":"startseite","status":"publish","type":"page","link":"https:\/\/www.kolk-armaturen.de\/","title":{"rendered":"Startseite"},"content":{"rendered":"<p style=\"text-align: left;\">Kolk bietet ein umfangreiches Sortiment an Zubeh\u00f6r, Produkten und Dienstleistungen f\u00fcr die Infrastruktur f\u00fcr Trink- und Abwassernetze. Flexibilit\u00e4t, Zuverl\u00e4ssigkeit, Qualit\u00e4t und Nachhaltigkeit sind unsere Grundwerte.<\/p>\n\n\n<ul class=\"wp-block-list\">\n<li>Erfahrung seit 1922<\/li>\n\n\n\n<li>Flexibel und zuverl\u00e4ssig<\/li>\n\n\n\n<li>Eigene Produktion und Beschichtung<\/li>\n\n\n\n<li>Gro\u00dfe Auswahl auf Lager<\/li>\n\n\n\n<li>Individuelle Produkte und Service<\/li>\n<\/ul>\n\n\n\n<p>Die Kolk GmbH ist ein Tochterunternehmen der Kolk B.V. Niederlande. <\/p>\n","protected":false},"excerpt":{"rendered":"<p>Kolk bietet ein umfangreiches Sortiment an Zubeh\u00f6r, Produkten und Dienstleistungen f\u00fcr die Infrastruktur f\u00fcr Trink- und Abwassernetze. Flexibilit\u00e4t, Zuverl\u00e4ssigkeit, Qualit\u00e4t und Nachhaltigkeit sind unsere Grundwerte. Die Kolk GmbH ist ein Tochterunternehmen der Kolk B.V. Niederlande.<\/p>\n","protected":false},"author":1,"featured_media":0,"parent":0,"menu_order":0,"comment_status":"closed","ping_status":"closed","template":"","meta":{"_monsterinsights_skip_tracking":false,"_monsterinsights_sitenote_active":false,"_monsterinsights_sitenote_note":"","_monsterinsights_sitenote_category":0,"footnotes":""},"class_list":["post-2","page","type-page","status-publish","hentry"],"aioseo_notices":[],"_links":{"self":[{"href":"https:\/\/www.kolk-armaturen.de\/index.php?rest_route=\/wp\/v2\/pages\/2","targetHints":{"allow":["GET"]}}],"collection":[{"href":"https:\/\/www.kolk-armaturen.de\/index.php?rest_route=\/wp\/v2\/pages"}],"about":[{"href":"https:\/\/www.kolk-armaturen.de\/index.php?rest_route=\/wp\/v2\/types\/page"}],"author":[{"embeddable":true,"href":"https:\/\/www.kolk-armaturen.de\/index.php?rest_route=\/wp\/v2\/users\/1"}],"replies":[{"embeddable":true,"href":"https:\/\/www.kolk-armaturen.de\/index.php?rest_route=%2Fwp%2Fv2%2Fcomments&post=2"}],"version-history":[{"count":9,"href":"https:\/\/www.kolk-armaturen.de\/index.php?rest_route=\/wp\/v2\/pages\/2\/revisions"}],"predecessor-version":[{"id":659,"href":"https:\/\/www.kolk-armaturen.de\/index.php?rest_route=\/wp\/v2\/pages\/2\/revisions\/659"}],"wp:attachment":[{"href":"https:\/\/www.kolk-armaturen.de\/index.php?rest_route=%2Fwp%2Fv2%2Fmedia&parent=2"}],"curies":[{"name":"wp","href":"https:\/\/api.w.org\/{rel}","templated":true}]}}