{"id":242,"date":"2019-06-12T14:43:22","date_gmt":"2019-06-12T12:43:22","guid":{"rendered":"http:\/\/www.kolk-armaturen.de\/?page_id=242"},"modified":"2019-06-19T10:42:42","modified_gmt":"2019-06-19T08:42:42","slug":"zuberhoer-schieber","status":"publish","type":"page","link":"https:\/\/www.kolk-armaturen.de\/?page_id=242","title":{"rendered":"Zuberh\u00f6r Schieber"},"content":{"rendered":"\n<div class=\"wp-block-columns has-2-columns is-layout-flex wp-container-core-columns-is-layout-9d6595d7 wp-block-columns-is-layout-flex\">\n<div class=\"wp-block-column is-layout-flow wp-block-column-is-layout-flow\">\n<div class=\"wp-block-image\"><figure class=\"aligncenter is-resized\"><img loading=\"lazy\" decoding=\"async\" src=\"http:\/\/www.kolk-armaturen.de\/wp-content\/uploads\/2019\/06\/Einbaugarnitur.png\" alt=\"\" class=\"wp-image-434\" width=\"200\" height=\"200\" srcset=\"https:\/\/www.kolk-armaturen.de\/wp-content\/uploads\/2019\/06\/Einbaugarnitur.png 330w, https:\/\/www.kolk-armaturen.de\/wp-content\/uploads\/2019\/06\/Einbaugarnitur-150x150.png 150w, https:\/\/www.kolk-armaturen.de\/wp-content\/uploads\/2019\/06\/Einbaugarnitur-300x300.png 300w, https:\/\/www.kolk-armaturen.de\/wp-content\/uploads\/2019\/06\/Einbaugarnitur-53x53.png 53w\" sizes=\"auto, (max-width: 200px) 100vw, 200px\" \/><\/figure><\/div>\n<\/div>\n\n\n\n<div class=\"wp-block-column is-layout-flow wp-block-column-is-layout-flow\">\n<h2 class=\"wp-block-heading\" style=\"text-align:left\"> Einbaugarnitur <\/h2>\n\n\n\n<div class=\"wp-block-button is-style-squared\"><a class=\"wp-block-button__link has-background\" style=\"background-color:#255798\">Download Produktdatenblatt<\/a><\/div>\n\n\n\n<p>Kolk Einbaugarnituren hergestellt aus Stahl (verzinkt) mit einem PE-Schutzrohr und f\u00fcr den Betrieb von unterirdischen Absperrschiebern. Die L\u00e4nge des Garniturs ist abh\u00e4ngig vom Bodentiefe. Die unterstehende Ma\u00dfe sind basiert auf eine Bodentiefe von 1 meter. Garnituren werden auf jede gew\u00fcnschte L\u00e4nge geliefert. <\/p>\n<\/div>\n<\/div>\n\n\n\n<div class=\"wp-block-columns has-2-columns is-layout-flex wp-container-core-columns-is-layout-9d6595d7 wp-block-columns-is-layout-flex\">\n<div class=\"wp-block-column is-layout-flow wp-block-column-is-layout-flow\">\n<div class=\"wp-block-image\"><figure class=\"aligncenter is-resized\"><img loading=\"lazy\" decoding=\"async\" src=\"http:\/\/www.kolk-armaturen.de\/wp-content\/uploads\/2019\/06\/Handrad.png\" alt=\"\" class=\"wp-image-436\" width=\"200\" height=\"200\" srcset=\"https:\/\/www.kolk-armaturen.de\/wp-content\/uploads\/2019\/06\/Handrad.png 330w, https:\/\/www.kolk-armaturen.de\/wp-content\/uploads\/2019\/06\/Handrad-150x150.png 150w, https:\/\/www.kolk-armaturen.de\/wp-content\/uploads\/2019\/06\/Handrad-300x300.png 300w, https:\/\/www.kolk-armaturen.de\/wp-content\/uploads\/2019\/06\/Handrad-53x53.png 53w\" sizes=\"auto, (max-width: 200px) 100vw, 200px\" \/><\/figure><\/div>\n<\/div>\n\n\n\n<div class=\"wp-block-column is-layout-flow wp-block-column-is-layout-flow\">\n<h2 class=\"wp-block-heading\" style=\"text-align:left\">Handrad<\/h2>\n\n\n\n<div class=\"wp-block-button is-style-squared\"><a class=\"wp-block-button__link has-background\" style=\"background-color:#255798\">Download Produktdatenblatt<\/a><\/div>\n\n\n\n<p>Kolk Handr\u00e4der hergestellt aus Duktilguss GJS-400\/500 (DIN1693 GGG-40\/50). Epoxy Beschichtung (Resicoat\u00ae) nach EN 14901 (DIN 30677-2) und GSK RAL-GZ 662 (GSK-zertifiziert). <\/p>\n<\/div>\n<\/div>\n\n\n\n<div class=\"wp-block-columns has-2-columns is-layout-flex wp-container-core-columns-is-layout-9d6595d7 wp-block-columns-is-layout-flex\">\n<div class=\"wp-block-column is-layout-flow wp-block-column-is-layout-flow\">\n<div class=\"wp-block-image\"><figure class=\"aligncenter is-resized\"><img loading=\"lazy\" decoding=\"async\" src=\"http:\/\/www.kolk-armaturen.de\/wp-content\/uploads\/2019\/06\/Vierkantschoner.png\" alt=\"\" class=\"wp-image-438\" width=\"200\" height=\"200\" srcset=\"https:\/\/www.kolk-armaturen.de\/wp-content\/uploads\/2019\/06\/Vierkantschoner.png 330w, https:\/\/www.kolk-armaturen.de\/wp-content\/uploads\/2019\/06\/Vierkantschoner-150x150.png 150w, https:\/\/www.kolk-armaturen.de\/wp-content\/uploads\/2019\/06\/Vierkantschoner-300x300.png 300w, https:\/\/www.kolk-armaturen.de\/wp-content\/uploads\/2019\/06\/Vierkantschoner-53x53.png 53w\" sizes=\"auto, (max-width: 200px) 100vw, 200px\" \/><\/figure><\/div>\n<\/div>\n\n\n\n<div class=\"wp-block-column is-layout-flow wp-block-column-is-layout-flow\">\n<h2 class=\"wp-block-heading\" style=\"text-align:left\">Vierkantschoner<\/h2>\n\n\n\n<div class=\"wp-block-button is-style-squared\"><a class=\"wp-block-button__link has-background\" style=\"background-color:#255798\">Download Produktdatenblatt<\/a><\/div>\n\n\n\n<p>Kolk Spindelschoner hergestellt aus Duktilguss GJS-400\/500 (DIN1693 GGG-40\/50). Epoxy Beschichtung (Resicoat\u00ae) nach EN 14901 (DIN 30677-2) und GSK RAL-GZ 662 (GSK-zertifiziert). <\/p>\n<\/div>\n<\/div>\n\n\n\n<div class=\"wp-block-columns has-2-columns is-layout-flex wp-container-core-columns-is-layout-9d6595d7 wp-block-columns-is-layout-flex\">\n<div class=\"wp-block-column is-layout-flow wp-block-column-is-layout-flow\">\n<div class=\"wp-block-image\"><figure class=\"aligncenter is-resized\"><img loading=\"lazy\" decoding=\"async\" src=\"http:\/\/www.kolk-armaturen.de\/wp-content\/uploads\/2019\/06\/Vierkantschoner-Gas.png\" alt=\"\" class=\"wp-image-441\" width=\"200\" height=\"200\" srcset=\"https:\/\/www.kolk-armaturen.de\/wp-content\/uploads\/2019\/06\/Vierkantschoner-Gas.png 330w, https:\/\/www.kolk-armaturen.de\/wp-content\/uploads\/2019\/06\/Vierkantschoner-Gas-150x150.png 150w, https:\/\/www.kolk-armaturen.de\/wp-content\/uploads\/2019\/06\/Vierkantschoner-Gas-300x300.png 300w, https:\/\/www.kolk-armaturen.de\/wp-content\/uploads\/2019\/06\/Vierkantschoner-Gas-53x53.png 53w\" sizes=\"auto, (max-width: 200px) 100vw, 200px\" \/><\/figure><\/div>\n<\/div>\n\n\n\n<div class=\"wp-block-column is-layout-flow wp-block-column-is-layout-flow\">\n<h2 class=\"wp-block-heading\" style=\"text-align:left\">Vierkantschoner Gas<\/h2>\n\n\n\n<div class=\"wp-block-button is-style-squared\"><a class=\"wp-block-button__link has-background\" style=\"background-color:#255798\">Download Produktdatenblatt<\/a><\/div>\n\n\n\n<p>Kolk Spindelschoner hergestellt aus Duktilguss GJS-400\/500 (DIN1693 GGG-40\/50). Epoxy Beschichtung (Resicoat\u00ae) nach EN 14901 (DIN 30677-2) und GSK RAL-GZ 662 (GSK-zertifiziert). <\/p>\n<\/div>\n<\/div>\n\n\n\n<div class=\"wp-block-columns has-2-columns is-layout-flex wp-container-core-columns-is-layout-9d6595d7 wp-block-columns-is-layout-flex\">\n<div class=\"wp-block-column is-layout-flow wp-block-column-is-layout-flow\">\n<div class=\"wp-block-image\"><figure class=\"aligncenter is-resized\"><img loading=\"lazy\" decoding=\"async\" src=\"http:\/\/www.kolk-armaturen.de\/wp-content\/uploads\/2019\/06\/Dreikantschoner.png\" alt=\"\" class=\"wp-image-443\" width=\"200\" height=\"200\" srcset=\"https:\/\/www.kolk-armaturen.de\/wp-content\/uploads\/2019\/06\/Dreikantschoner.png 330w, https:\/\/www.kolk-armaturen.de\/wp-content\/uploads\/2019\/06\/Dreikantschoner-150x150.png 150w, https:\/\/www.kolk-armaturen.de\/wp-content\/uploads\/2019\/06\/Dreikantschoner-300x300.png 300w, https:\/\/www.kolk-armaturen.de\/wp-content\/uploads\/2019\/06\/Dreikantschoner-53x53.png 53w\" sizes=\"auto, (max-width: 200px) 100vw, 200px\" \/><\/figure><\/div>\n<\/div>\n\n\n\n<div class=\"wp-block-column is-layout-flow wp-block-column-is-layout-flow\">\n<h2 class=\"wp-block-heading\" style=\"text-align:left\">Dreikantschoner<\/h2>\n\n\n\n<div class=\"wp-block-button is-style-squared\"><a class=\"wp-block-button__link has-background\" style=\"background-color:#255798\">Download Produktdatenblatt<\/a><\/div>\n\n\n\n<p>Kolk Spindelschoner hergestellt aus Duktilguss GJS-400\/500 (DIN1693 GGG-40\/50). Epoxy Beschichtung (Resicoat\u00ae) nach EN 14901 (DIN 30677-2) und GSK RAL-GZ 662 (GSK-zertifiziert). <\/p>\n<\/div>\n<\/div>\n\n\n\n<div class=\"wp-block-columns has-2-columns is-layout-flex wp-container-core-columns-is-layout-9d6595d7 wp-block-columns-is-layout-flex\">\n<div class=\"wp-block-column is-layout-flow wp-block-column-is-layout-flow\">\n<div class=\"wp-block-image\"><figure class=\"aligncenter is-resized\"><img loading=\"lazy\" decoding=\"async\" src=\"http:\/\/www.kolk-armaturen.de\/wp-content\/uploads\/2019\/06\/Schiebeschl\u00fcssel.png\" alt=\"\" class=\"wp-image-351\" width=\"200\" height=\"200\" srcset=\"https:\/\/www.kolk-armaturen.de\/wp-content\/uploads\/2019\/06\/Schiebeschl\u00fcssel.png 275w, https:\/\/www.kolk-armaturen.de\/wp-content\/uploads\/2019\/06\/Schiebeschl\u00fcssel-150x150.png 150w, https:\/\/www.kolk-armaturen.de\/wp-content\/uploads\/2019\/06\/Schiebeschl\u00fcssel-53x53.png 53w\" sizes=\"auto, (max-width: 200px) 100vw, 200px\" \/><\/figure><\/div>\n<\/div>\n\n\n\n<div class=\"wp-block-column is-layout-flow wp-block-column-is-layout-flow\">\n<h2 class=\"wp-block-heading\" style=\"text-align:left\">Schl\u00fcssel C DIN 3223 <\/h2>\n\n\n\n<div class=\"wp-block-button is-style-squared\"><a class=\"wp-block-button__link has-background\" style=\"background-color:#255798\">Download Produktdatenblatt<\/a><\/div>\n\n\n\n<p>Kolk Bet\u00e4tigungsschl\u00fassel hergestellt aus Stahl (verzinkt). Geeignet zum bet\u00e4tigen vom unterirdischen Absperrschieber, Hydranten, usw. Ausf\u00fchrung nach DIN 3223-C. <\/p>\n<\/div>\n<\/div>\n","protected":false},"excerpt":{"rendered":"<p>Einbaugarnitur Kolk Einbaugarnituren hergestellt aus Stahl (verzinkt) mit einem PE-Schutzrohr und f\u00fcr den Betrieb von unterirdischen Absperrschiebern. Die L\u00e4nge des Garniturs ist abh\u00e4ngig vom Bodentiefe. Die unterstehende Ma\u00dfe sind basiert auf eine Bodentiefe von 1 meter. Garnituren werden auf jede gew\u00fcnschte L\u00e4nge geliefert. Handrad Kolk Handr\u00e4der hergestellt aus Duktilguss GJS-400\/500 (DIN1693 GGG-40\/50). Epoxy Beschichtung (Resicoat\u00ae)<\/p><\/div>\n<div class=\"blog-btn\"><a href=\"https:\/\/www.kolk-armaturen.de\/?page_id=242\" class=\"home-blog-btn\">Weiterlesen<\/a><\/p>\n","protected":false},"author":1,"featured_media":0,"parent":0,"menu_order":0,"comment_status":"closed","ping_status":"closed","template":"","meta":{"_monsterinsights_skip_tracking":false,"_monsterinsights_sitenote_active":false,"_monsterinsights_sitenote_note":"","_monsterinsights_sitenote_category":0,"footnotes":""},"class_list":["post-242","page","type-page","status-publish","hentry"],"aioseo_notices":[],"_links":{"self":[{"href":"https:\/\/www.kolk-armaturen.de\/index.php?rest_route=\/wp\/v2\/pages\/242","targetHints":{"allow":["GET"]}}],"collection":[{"href":"https:\/\/www.kolk-armaturen.de\/index.php?rest_route=\/wp\/v2\/pages"}],"about":[{"href":"https:\/\/www.kolk-armaturen.de\/index.php?rest_route=\/wp\/v2\/types\/page"}],"author":[{"embeddable":true,"href":"https:\/\/www.kolk-armaturen.de\/index.php?rest_route=\/wp\/v2\/users\/1"}],"replies":[{"embeddable":true,"href":"https:\/\/www.kolk-armaturen.de\/index.php?rest_route=%2Fwp%2Fv2%2Fcomments&post=242"}],"version-history":[{"count":9,"href":"https:\/\/www.kolk-armaturen.de\/index.php?rest_route=\/wp\/v2\/pages\/242\/revisions"}],"predecessor-version":[{"id":445,"href":"https:\/\/www.kolk-armaturen.de\/index.php?rest_route=\/wp\/v2\/pages\/242\/revisions\/445"}],"wp:attachment":[{"href":"https:\/\/www.kolk-armaturen.de\/index.php?rest_route=%2Fwp%2Fv2%2Fmedia&parent=242"}],"curies":[{"name":"wp","href":"https:\/\/api.w.org\/{rel}","templated":true}]}}