{"id":251,"date":"2019-06-12T14:53:17","date_gmt":"2019-06-12T12:53:17","guid":{"rendered":"http:\/\/www.kolk-armaturen.de\/?page_id=251"},"modified":"2019-06-12T15:22:11","modified_gmt":"2019-06-12T13:22:11","slug":"zentrische-absperrklappen","status":"publish","type":"page","link":"https:\/\/www.kolk-armaturen.de\/?page_id=251","title":{"rendered":"Zentrische Absperrklappen"},"content":{"rendered":"\n<p>Kolk zentrisch gelagerte, weichdichtende Absperr- und Regelklappen sind aufgrund ihrer Bauart und Materialvielfalt nahezu universell einsetzbar. Ob w\u00e4ssrig, pulvrig oder gasf\u00f6rmig \u2013 wir bieten Ihnen mit einer breiten Palette an Werkstoffen eine optimale L\u00f6sung f\u00fcr Ihren Einzelfall. Sie sind ausgestattet mit austauschbarem Sitz (Optional: vulkanisiertem Sitz), und einem Geh\u00e4usematerial, welches genau auf die Fl\u00fcssigkeiten und eine lange Lebensdauer angepasst ist. Die Klappen sind einfach zu bedienen und wartungsarm. <\/p>\n\n\n\n<div class=\"wp-block-columns has-3-columns is-layout-flex wp-container-core-columns-is-layout-9d6595d7 wp-block-columns-is-layout-flex\">\n<div class=\"wp-block-column is-layout-flow wp-block-column-is-layout-flow\">\n<div class=\"wp-block-image\"><figure class=\"aligncenter is-resized\"><img loading=\"lazy\" decoding=\"async\" src=\"http:\/\/www.kolk-armaturen.de\/wp-content\/uploads\/2019\/06\/Zwischenflansch-Absperrklappe-Allg..jpg\" alt=\"\" class=\"wp-image-274\" width=\"188\" height=\"141\" srcset=\"https:\/\/www.kolk-armaturen.de\/wp-content\/uploads\/2019\/06\/Zwischenflansch-Absperrklappe-Allg..jpg 375w, https:\/\/www.kolk-armaturen.de\/wp-content\/uploads\/2019\/06\/Zwischenflansch-Absperrklappe-Allg.-300x225.jpg 300w\" sizes=\"auto, (max-width: 188px) 100vw, 188px\" \/><figcaption> Zwischenflansch Absperrklappe <\/figcaption><\/figure><\/div>\n\n\n\n<div class=\"wp-block-image\"><figure class=\"aligncenter is-resized\"><img loading=\"lazy\" decoding=\"async\" src=\"http:\/\/www.kolk-armaturen.de\/wp-content\/uploads\/2019\/06\/Doppelflansch-zentrische-Absperrklappe-Allg.jpg\" alt=\"\" class=\"wp-image-278\" width=\"188\" height=\"141\" srcset=\"https:\/\/www.kolk-armaturen.de\/wp-content\/uploads\/2019\/06\/Doppelflansch-zentrische-Absperrklappe-Allg.jpg 375w, https:\/\/www.kolk-armaturen.de\/wp-content\/uploads\/2019\/06\/Doppelflansch-zentrische-Absperrklappe-Allg-300x225.jpg 300w\" sizes=\"auto, (max-width: 188px) 100vw, 188px\" \/><figcaption> Doppelflansch zentrische Absperrklappe <\/figcaption><\/figure><\/div>\n\n\n\n<p><\/p>\n<\/div>\n\n\n\n<div class=\"wp-block-column is-layout-flow wp-block-column-is-layout-flow\">\n<div class=\"wp-block-image\"><figure class=\"aligncenter is-resized\"><img loading=\"lazy\" decoding=\"async\" src=\"http:\/\/www.kolk-armaturen.de\/wp-content\/uploads\/2019\/06\/Mittelflansch-zentrische-Absperrklappe-Allg.jpg\" alt=\"\" class=\"wp-image-276\" width=\"188\" height=\"141\" srcset=\"https:\/\/www.kolk-armaturen.de\/wp-content\/uploads\/2019\/06\/Mittelflansch-zentrische-Absperrklappe-Allg.jpg 375w, https:\/\/www.kolk-armaturen.de\/wp-content\/uploads\/2019\/06\/Mittelflansch-zentrische-Absperrklappe-Allg-300x225.jpg 300w\" sizes=\"auto, (max-width: 188px) 100vw, 188px\" \/><figcaption> Mittelflansch zentrische Absperrklappe <\/figcaption><\/figure><\/div>\n\n\n\n<p><\/p>\n<\/div>\n\n\n\n<div class=\"wp-block-column is-layout-flow wp-block-column-is-layout-flow\">\n<div class=\"wp-block-image\"><figure class=\"aligncenter is-resized\"><img loading=\"lazy\" decoding=\"async\" src=\"http:\/\/www.kolk-armaturen.de\/wp-content\/uploads\/2019\/06\/Absperrklappe-in-Anflanschbauweise-Allg.jpg\" alt=\"\" class=\"wp-image-277\" width=\"188\" height=\"141\" srcset=\"https:\/\/www.kolk-armaturen.de\/wp-content\/uploads\/2019\/06\/Absperrklappe-in-Anflanschbauweise-Allg.jpg 375w, https:\/\/www.kolk-armaturen.de\/wp-content\/uploads\/2019\/06\/Absperrklappe-in-Anflanschbauweise-Allg-300x225.jpg 300w\" sizes=\"auto, (max-width: 188px) 100vw, 188px\" \/><figcaption> Absperrklappe in Anflanschbauweise <\/figcaption><\/figure><\/div>\n<\/div>\n<\/div>\n","protected":false},"excerpt":{"rendered":"<p>Kolk zentrisch gelagerte, weichdichtende Absperr- und Regelklappen sind aufgrund ihrer Bauart und Materialvielfalt nahezu universell einsetzbar. Ob w\u00e4ssrig, pulvrig oder gasf\u00f6rmig \u2013 wir bieten Ihnen mit einer breiten Palette an Werkstoffen eine optimale L\u00f6sung f\u00fcr Ihren Einzelfall. Sie sind ausgestattet mit austauschbarem Sitz (Optional: vulkanisiertem Sitz), und einem Geh\u00e4usematerial, welches genau auf die Fl\u00fcssigkeiten und<\/p><\/div>\n<div class=\"blog-btn\"><a href=\"https:\/\/www.kolk-armaturen.de\/?page_id=251\" class=\"home-blog-btn\">Weiterlesen<\/a><\/p>\n","protected":false},"author":1,"featured_media":0,"parent":0,"menu_order":0,"comment_status":"closed","ping_status":"closed","template":"","meta":{"_monsterinsights_skip_tracking":false,"_monsterinsights_sitenote_active":false,"_monsterinsights_sitenote_note":"","_monsterinsights_sitenote_category":0,"footnotes":""},"class_list":["post-251","page","type-page","status-publish","hentry"],"aioseo_notices":[],"_links":{"self":[{"href":"https:\/\/www.kolk-armaturen.de\/index.php?rest_route=\/wp\/v2\/pages\/251","targetHints":{"allow":["GET"]}}],"collection":[{"href":"https:\/\/www.kolk-armaturen.de\/index.php?rest_route=\/wp\/v2\/pages"}],"about":[{"href":"https:\/\/www.kolk-armaturen.de\/index.php?rest_route=\/wp\/v2\/types\/page"}],"author":[{"embeddable":true,"href":"https:\/\/www.kolk-armaturen.de\/index.php?rest_route=\/wp\/v2\/users\/1"}],"replies":[{"embeddable":true,"href":"https:\/\/www.kolk-armaturen.de\/index.php?rest_route=%2Fwp%2Fv2%2Fcomments&post=251"}],"version-history":[{"count":2,"href":"https:\/\/www.kolk-armaturen.de\/index.php?rest_route=\/wp\/v2\/pages\/251\/revisions"}],"predecessor-version":[{"id":279,"href":"https:\/\/www.kolk-armaturen.de\/index.php?rest_route=\/wp\/v2\/pages\/251\/revisions\/279"}],"wp:attachment":[{"href":"https:\/\/www.kolk-armaturen.de\/index.php?rest_route=%2Fwp%2Fv2%2Fmedia&parent=251"}],"curies":[{"name":"wp","href":"https:\/\/api.w.org\/{rel}","templated":true}]}}