{"id":398,"date":"2019-06-19T09:26:11","date_gmt":"2019-06-19T07:26:11","guid":{"rendered":"http:\/\/www.kolk-armaturen.de\/?page_id=398"},"modified":"2020-01-24T12:19:31","modified_gmt":"2020-01-24T10:19:31","slug":"formstuecke","status":"publish","type":"page","link":"https:\/\/www.kolk-armaturen.de\/?page_id=398","title":{"rendered":"Formst\u00fccke"},"content":{"rendered":"\n<p>Kolk bietet eine komplette Palette Formst\u00fccke f\u00fcr (Trink-) Wasser Transportsysteme. Die Formst\u00fccke erf\u00fcllen alle aktuellen (N)EN, ISO, DIN und Kiwa Normen. Standartm\u00e4\u00dfig mit Epoxybeschichtung (GSK certificiert). <\/p>\n\n\n\n<div class=\"wp-block-columns has-3-columns is-layout-flex wp-container-core-columns-is-layout-9d6595d7 wp-block-columns-is-layout-flex\">\n<div class=\"wp-block-column is-layout-flow wp-block-column-is-layout-flow\">\n<div class=\"wp-block-image\"><figure class=\"aligncenter is-resized\"><a href=\"https:\/\/www.kolk-armaturen.de\/?page_id=109\"><img loading=\"lazy\" decoding=\"async\" src=\"http:\/\/www.kolk-armaturen.de\/wp-content\/uploads\/2019\/06\/Flanschformst\u00fccke-Allg-1.png\" alt=\"\" class=\"wp-image-321\" width=\"165\" height=\"165\" srcset=\"https:\/\/www.kolk-armaturen.de\/wp-content\/uploads\/2019\/06\/Flanschformst\u00fccke-Allg-1.png 275w, https:\/\/www.kolk-armaturen.de\/wp-content\/uploads\/2019\/06\/Flanschformst\u00fccke-Allg-1-150x150.png 150w, https:\/\/www.kolk-armaturen.de\/wp-content\/uploads\/2019\/06\/Flanschformst\u00fccke-Allg-1-53x53.png 53w\" sizes=\"auto, (max-width: 165px) 100vw, 165px\" \/><\/a><figcaption><a href=\"https:\/\/www.kolk-armaturen.de\/?page_id=109\">Flansch Formst\u00fccke<\/a><\/figcaption><\/figure><\/div>\n\n\n\n<p><\/p>\n<\/div>\n\n\n\n<div class=\"wp-block-column is-layout-flow wp-block-column-is-layout-flow\">\n<div class=\"wp-block-image\"><figure class=\"aligncenter is-resized\"><a href=\"https:\/\/www.kolk-armaturen.de\/?page_id=112\"><img loading=\"lazy\" decoding=\"async\" src=\"http:\/\/www.kolk-armaturen.de\/wp-content\/uploads\/2019\/06\/MMA-St\u00fccke.png\" alt=\"\" class=\"wp-image-377\" width=\"165\" height=\"165\" srcset=\"https:\/\/www.kolk-armaturen.de\/wp-content\/uploads\/2019\/06\/MMA-St\u00fccke.png 275w, https:\/\/www.kolk-armaturen.de\/wp-content\/uploads\/2019\/06\/MMA-St\u00fccke-150x150.png 150w, https:\/\/www.kolk-armaturen.de\/wp-content\/uploads\/2019\/06\/MMA-St\u00fccke-53x53.png 53w\" sizes=\"auto, (max-width: 165px) 100vw, 165px\" \/><\/a><figcaption><a href=\"https:\/\/www.kolk-armaturen.de\/?page_id=112\">Tyton Formst\u00fccke<\/a><\/figcaption><\/figure><\/div>\n<\/div>\n\n\n\n<div class=\"wp-block-column is-layout-flow wp-block-column-is-layout-flow\">\n<div class=\"wp-block-image\"><figure class=\"aligncenter is-resized\"><a href=\"https:\/\/www.kolk-armaturen.de\/?page_id=115\"><img loading=\"lazy\" decoding=\"async\" src=\"http:\/\/www.kolk-armaturen.de\/wp-content\/uploads\/2019\/06\/MMA-KS-St\u00fcck.png\" alt=\"\" class=\"wp-image-367\" width=\"165\" height=\"165\" srcset=\"https:\/\/www.kolk-armaturen.de\/wp-content\/uploads\/2019\/06\/MMA-KS-St\u00fcck.png 275w, https:\/\/www.kolk-armaturen.de\/wp-content\/uploads\/2019\/06\/MMA-KS-St\u00fcck-150x150.png 150w, https:\/\/www.kolk-armaturen.de\/wp-content\/uploads\/2019\/06\/MMA-KS-St\u00fcck-53x53.png 53w\" sizes=\"auto, (max-width: 165px) 100vw, 165px\" \/><\/a><figcaption><a href=\"https:\/\/www.kolk-armaturen.de\/?page_id=115\">Formst\u00fccke f\u00fcr PE\/PVC<\/a><\/figcaption><\/figure><\/div>\n<\/div>\n<\/div>\n\n\n\n<p><\/p>\n","protected":false},"excerpt":{"rendered":"<p>Kolk bietet eine komplette Palette Formst\u00fccke f\u00fcr (Trink-) Wasser Transportsysteme. Die Formst\u00fccke erf\u00fcllen alle aktuellen (N)EN, ISO, DIN und Kiwa Normen. Standartm\u00e4\u00dfig mit Epoxybeschichtung (GSK certificiert).<\/p>\n","protected":false},"author":1,"featured_media":0,"parent":0,"menu_order":0,"comment_status":"closed","ping_status":"closed","template":"","meta":{"_monsterinsights_skip_tracking":false,"_monsterinsights_sitenote_active":false,"_monsterinsights_sitenote_note":"","_monsterinsights_sitenote_category":0,"footnotes":""},"class_list":["post-398","page","type-page","status-publish","hentry"],"aioseo_notices":[],"_links":{"self":[{"href":"https:\/\/www.kolk-armaturen.de\/index.php?rest_route=\/wp\/v2\/pages\/398","targetHints":{"allow":["GET"]}}],"collection":[{"href":"https:\/\/www.kolk-armaturen.de\/index.php?rest_route=\/wp\/v2\/pages"}],"about":[{"href":"https:\/\/www.kolk-armaturen.de\/index.php?rest_route=\/wp\/v2\/types\/page"}],"author":[{"embeddable":true,"href":"https:\/\/www.kolk-armaturen.de\/index.php?rest_route=\/wp\/v2\/users\/1"}],"replies":[{"embeddable":true,"href":"https:\/\/www.kolk-armaturen.de\/index.php?rest_route=%2Fwp%2Fv2%2Fcomments&post=398"}],"version-history":[{"count":3,"href":"https:\/\/www.kolk-armaturen.de\/index.php?rest_route=\/wp\/v2\/pages\/398\/revisions"}],"predecessor-version":[{"id":607,"href":"https:\/\/www.kolk-armaturen.de\/index.php?rest_route=\/wp\/v2\/pages\/398\/revisions\/607"}],"wp:attachment":[{"href":"https:\/\/www.kolk-armaturen.de\/index.php?rest_route=%2Fwp%2Fv2%2Fmedia&parent=398"}],"curies":[{"name":"wp","href":"https:\/\/api.w.org\/{rel}","templated":true}]}}