{"id":98,"date":"2019-06-06T09:13:22","date_gmt":"2019-06-06T07:13:22","guid":{"rendered":"http:\/\/www.kolk-armaturen.de\/?page_id=98"},"modified":"2024-06-26T08:32:43","modified_gmt":"2024-06-26T06:32:43","slug":"impressum","status":"publish","type":"page","link":"https:\/\/www.kolk-armaturen.de\/?page_id=98","title":{"rendered":"Impressum"},"content":{"rendered":"\n<p><strong>Anschrift der Gesellschaft<\/strong>: Kolk GmbH, Breidenbachstra\u00dfe 56, 51373 Leverkusen<\/p>\n\n\n\n<p><strong>Telefon<\/strong>: +49 (0)176 42714970 <\/p>\n\n\n\n<p><strong>E-Mail<\/strong>: info@kolk-armaturen.de<\/p>\n\n\n\n<p><strong>Gesch\u00e4ftsf\u00fchrer<\/strong>: Johan Kolk<\/p>\n\n\n\n<p><strong>Eintrag Handelsregister<\/strong>: Amtsgericht K\u00f6ln, HRB 111215<\/p>\n\n\n\n<p><strong>Ust-ID<\/strong>: DE320279038 <br><\/p>\n","protected":false},"excerpt":{"rendered":"<p>Anschrift der Gesellschaft: Kolk GmbH, Breidenbachstra\u00dfe 56, 51373 Leverkusen Telefon: +49 (0)176 42714970 E-Mail: info@kolk-armaturen.de Gesch\u00e4ftsf\u00fchrer: Johan Kolk Eintrag Handelsregister: Amtsgericht K\u00f6ln, HRB 111215 Ust-ID: DE320279038<\/p>\n","protected":false},"author":1,"featured_media":0,"parent":0,"menu_order":0,"comment_status":"closed","ping_status":"closed","template":"","meta":{"_monsterinsights_skip_tracking":false,"_monsterinsights_sitenote_active":false,"_monsterinsights_sitenote_note":"","_monsterinsights_sitenote_category":0,"footnotes":""},"class_list":["post-98","page","type-page","status-publish","hentry"],"aioseo_notices":[],"_links":{"self":[{"href":"https:\/\/www.kolk-armaturen.de\/index.php?rest_route=\/wp\/v2\/pages\/98","targetHints":{"allow":["GET"]}}],"collection":[{"href":"https:\/\/www.kolk-armaturen.de\/index.php?rest_route=\/wp\/v2\/pages"}],"about":[{"href":"https:\/\/www.kolk-armaturen.de\/index.php?rest_route=\/wp\/v2\/types\/page"}],"author":[{"embeddable":true,"href":"https:\/\/www.kolk-armaturen.de\/index.php?rest_route=\/wp\/v2\/users\/1"}],"replies":[{"embeddable":true,"href":"https:\/\/www.kolk-armaturen.de\/index.php?rest_route=%2Fwp%2Fv2%2Fcomments&post=98"}],"version-history":[{"count":10,"href":"https:\/\/www.kolk-armaturen.de\/index.php?rest_route=\/wp\/v2\/pages\/98\/revisions"}],"predecessor-version":[{"id":692,"href":"https:\/\/www.kolk-armaturen.de\/index.php?rest_route=\/wp\/v2\/pages\/98\/revisions\/692"}],"wp:attachment":[{"href":"https:\/\/www.kolk-armaturen.de\/index.php?rest_route=%2Fwp%2Fv2%2Fmedia&parent=98"}],"curies":[{"name":"wp","href":"https:\/\/api.w.org\/{rel}","templated":true}]}}